{"id":14,"date":"2023-12-07T18:46:55","date_gmt":"2023-12-07T18:46:55","guid":{"rendered":"https:\/\/classeufo.it\/?page_id=14"},"modified":"2024-02-08T15:18:38","modified_gmt":"2024-02-08T15:18:38","slug":"il-progetto","status":"publish","type":"page","link":"https:\/\/classeufo.it\/index.php\/il-progetto\/","title":{"rendered":"Il Progetto"},"content":{"rendered":"\n<p>Costruzione: lo scafo, come la coperta, la tuga ed il pozzetto, nascono da stampo e sono realizzati in sandwich di fibra di vetro bidirezionale e PVC, rinforzato con fibra&nbsp;quadriassale.&nbsp;<br>Sulla coperta sono stati inseriti rinforzi di PVC di diversa&nbsp;densit\u00e0&nbsp;a seconda delle zone.&nbsp;<br>La resina utilizzata&nbsp;\u00e8&nbsp;epossidica; gli incollaggi come le laminazioni sono realizzati sotto vuoto.&nbsp;<br>La finitura&nbsp;\u00e8&nbsp;a gelcoat.<br>L&#8217;antisdrucciolo&nbsp;\u00e8&nbsp;riportato sulla coperta da stampo femmina.<\/p>\n\n\n\n<p>Particolari Vari: terrazze rigide fissate allo scafo con bulloni e cerniere, facilmente ripiegabili per facilitare il trasporto.&nbsp;<br>N. 4 candelieri rastremati in acciaio inox, smontabili, pulpiti di prua e di poppa realizzati su progetto specifico in acciaio inox.&nbsp;Battagliola asportabile.&nbsp;<\/p>\n\n\n\n<p>E&#8217;&nbsp;previsto in pozzetto un vano motore stagno, per l&#8217;alloggiamento del fuoribordo.<\/p>\n\n\n\n<p><br>Realizzazione Interni: gli interni sono realizzati da controstampo che comprende le due cuccette del quadrato, inclusa la copertura della struttura piana, e sono in sandwich con finitura a gelcoat; il pannello cuccetta a prua&nbsp;\u00e8&nbsp;realizzato in composito ed&nbsp;\u00e8&nbsp;parte integrante della struttura dello scafo.<\/p>\n\n\n\n<figure class=\"wp-block-image\"><img decoding=\"async\" src=\"blob:https:\/\/classeufo.it\/bea27049-0457-461a-bab9-05192a4510ab\" alt=\"\"\/><\/figure>\n\n\n\n<p>Appendici: il timone esterno, facilmente smontabile,&nbsp;\u00e8&nbsp;realizzato in composito con lavorazioni sottovuoto.&nbsp;<\/p>\n\n\n\n<p>La timoneria&nbsp;\u00e8&nbsp;in acciaio inox.&nbsp;<br>La pinna \u00e8 realizzata in scatolato d&#8217;acciaio e composito, da stampo femmina; questo al fine di garantire la&nbsp;piu&#8217;&nbsp;rigida monotipia sia per quanto riguarda i pesi che i profili delle appendici.&nbsp;<br>La pinna&nbsp;\u00e8&nbsp;assemblata ad incastro ed&nbsp;\u00e8&nbsp;smontabile per agevolare il trasporto.&nbsp;<br>Il bulbo&nbsp;\u00e8&nbsp;in piombo antimonio al 4% (400 kg.).<\/p>\n\n\n\n<p>Albero: l&#8217;albero&nbsp;\u00e8&nbsp;realizzato in&nbsp;alluminio&nbsp;a&nbsp;2&nbsp;crocette.&nbsp;<br>Sartiame discontinuo in tondino con tenditori tipo&nbsp;Ronstan.&nbsp;<br>Una drizza randa in&nbsp;spectra, due drizze fiocco, una drizza spy e una carica alto in&nbsp;prestirato.&nbsp;<br>Boma in alluminio; tangone in alluminio diametro di 60 mm conificato con bilancino.&nbsp;<\/p>\n\n\n\n<p>Attrezzatura di coperta: l&#8217;attrezzatura&nbsp;\u00e8&nbsp;fissa di dimensione adeguata completamente&nbsp;Harken, di cui winch tuga ad una&nbsp;velocit\u00e0, winch Genoa e winch volanti a due&nbsp;velocit\u00e0.&nbsp;<br>Tutta l&#8217;attrezzatura&nbsp;\u00e8&nbsp;fissata in coperta con bulloneria inox.<\/p>\n\n\n\n<p>Self-tailing per winch volanti.\u00a0<br>Cuscino per cuccetta di prua.\u00a0<br>Telone per pozzetto e telone completo.\u00a0<br>Sacca spy. Sacche per scotte e manette.\u00a0<br>Sacca per timone.\u00a0<br>Motore fuoribordo e supporto motore.\u00a0<br>Sospendita\u00a0per alaggio. Invaso con o senza ruote.\u00a0<br>Carrello LB. Impianto elettrico.\u00a0<br>Bussola manuale od elettronica, Log,\u00a0Windex.<\/p>\n","protected":false},"excerpt":{"rendered":"<p>Costruzione: lo scafo, come la coperta, la tuga ed il pozzetto, nascono da stampo e sono realizzati in sandwich di fibra di vetro bidirezionale e PVC, rinforzato con fibra&nbsp;quadriassale.&nbsp;Sulla coperta sono stati inseriti rinforzi di PVC di diversa&nbsp;densit\u00e0&nbsp;a seconda delle zone.&nbsp;La resina utilizzata&nbsp;\u00e8&nbsp;epossidica; gli incollaggi come le laminazioni sono realizzati sotto vuoto.&nbsp;La finitura&nbsp;\u00e8&nbsp;a gelcoat.L&#8217;antisdrucciolo&nbsp;\u00e8&nbsp;riportato sulla [&hellip;]<\/p>\n","protected":false},"author":1,"featured_media":17,"parent":0,"menu_order":0,"comment_status":"closed","ping_status":"closed","template":"","meta":{"footnotes":""},"class_list":["post-14","page","type-page","status-publish","has-post-thumbnail","hentry"],"_links":{"self":[{"href":"https:\/\/classeufo.it\/index.php\/wp-json\/wp\/v2\/pages\/14","targetHints":{"allow":["GET"]}}],"collection":[{"href":"https:\/\/classeufo.it\/index.php\/wp-json\/wp\/v2\/pages"}],"about":[{"href":"https:\/\/classeufo.it\/index.php\/wp-json\/wp\/v2\/types\/page"}],"author":[{"embeddable":true,"href":"https:\/\/classeufo.it\/index.php\/wp-json\/wp\/v2\/users\/1"}],"replies":[{"embeddable":true,"href":"https:\/\/classeufo.it\/index.php\/wp-json\/wp\/v2\/comments?post=14"}],"version-history":[{"count":2,"href":"https:\/\/classeufo.it\/index.php\/wp-json\/wp\/v2\/pages\/14\/revisions"}],"predecessor-version":[{"id":27,"href":"https:\/\/classeufo.it\/index.php\/wp-json\/wp\/v2\/pages\/14\/revisions\/27"}],"wp:featuredmedia":[{"embeddable":true,"href":"https:\/\/classeufo.it\/index.php\/wp-json\/wp\/v2\/media\/17"}],"wp:attachment":[{"href":"https:\/\/classeufo.it\/index.php\/wp-json\/wp\/v2\/media?parent=14"}],"curies":[{"name":"wp","href":"https:\/\/api.w.org\/{rel}","templated":true}]}}